{"id":1950,"date":"2015-07-03T11:28:14","date_gmt":"2015-07-03T11:28:14","guid":{"rendered":"http:\/\/demo.flothemes.com\/porto\/?page_id=1950"},"modified":"2021-10-23T07:47:10","modified_gmt":"2021-10-23T07:47:10","slug":"videografo-fotografo-casamento","status":"publish","type":"page","link":"https:\/\/www.vitorgordo.pt\/pt-pt\/videografo-fotografo-casamento\/","title":{"rendered":"FAQ\u00b4S"},"content":{"rendered":"<p>Procura um fot\u00f3grafo ou um vide\u00f3grafo de casamento ? Veja aqui a resposta \u00e0s perguntas mais frequentes.<\/p>\n<p><strong>Qual a melhor forma de vos contactar ?<\/strong><\/p>\n<p>Email : vitor.gordo@syncview.pt<\/p>\n<p>Telem\u00f3vel: 93 640 71 80<\/p>\n<p>Atelier Marvila : Rua Pereira Henriques N\u00ba 1 , Lisboa ( com marca\u00e7\u00e3o )<\/p>\n<p><strong>Qual o vosso estilo fotogr\u00e1fico?<\/strong><\/p>\n<p>Definimos o nosso trabalho como documental, autor.<\/p>\n<p>Trabalhamos com equipamento digital e com Pel\u00edcula<\/p>\n<p><strong>Quais s\u00e3o os vossos pre\u00e7os ?<\/strong><\/p>\n<p>Entre em contacto connosco por e-mail e responderemos num prazo m\u00e1ximo de 48h com toda a informa\u00e7\u00e3o detalhada .<\/p>\n<p>E-mail: vitor.gordo@syncview,pt<\/p>\n<p><strong>Quais os locais onde trabalham ?<\/strong><\/p>\n<p>Estamos dispon\u00edveis para trabalhar em qualquer parte do pa\u00eds e estrangeiro.<\/p>\n<p><strong>Fazem sess\u00f5es antes e depois do casamento ?<\/strong><\/p>\n<p>Sim\u00a0 .<\/p>\n<p><strong>Quantas fotografias entregam e qual o prazo ?<\/strong><\/p>\n<p>O n\u00famero de fotografias entregue \u00e9 sempre vari\u00e1vel, consoante o casamento. Entregamos num prazo de 8 semanas ap\u00f3s o casamento . Caso tenha \u00e1lbum poder\u00e1 demorar de 90 a 120 dias .<\/p>\n<p><strong>Quanto tempo demora at\u00e9 a Galeria estar on-line?<\/strong><\/p>\n<p>8 semanas .<\/p>\n<p><strong>Fazem \u00c1lbuns ?<\/strong><\/p>\n<p>Sim .<\/p>\n<p><strong>Quantas horas dura o vosso servi\u00e7o ?<\/strong><\/p>\n<p>12 horas.<\/p>\n<p><strong>Utilizam um contrato de presta\u00e7\u00e3o servi\u00e7os?<\/strong><\/p>\n<p>Sim , elaboramos um contrato onde descrevemos o tipo de pack que escolheram\u00a0 bem como as condi\u00e7\u00f5es de pagamento .<\/p>\n<p>Depois fazem um primeiro pagamento de 30\u2030 para reservar o dia , um 2\u00ba pagamento de 50\u2030 1 semana antes , e um \u00faltimo pagamento de 20% na entrega do trabalho .<\/p>\n<p><strong>Fazem trabalho de v\u00eddeo ?<\/strong><\/p>\n<p>Sim . Veja <a href=\"https:\/\/vimeopro.com\/syncview\/wedding-videos\">aqui<\/a> o nosso portf\u00f3lio.<\/p>\n<p><strong>Com quantos operadores <\/strong><span class=\"st\"><strong>C\u00e2mara trabalham ?<\/strong><\/span><\/p>\n<p>Com 1 ou 2 operadores<\/p>\n<p><strong>Quantos v\u00eddeos recebemos ?<\/strong><\/p>\n<p>No final entregamos dois v\u00eddeos . Um Teaser ( 2- 3 min ) e um v\u00eddeo longo de 15-25 minutos<\/p>\n<p><strong>Como entregam o Trabalho final ?<\/strong><\/p>\n<p>Entregamos uma Caixa em Madeira personalizada com PEN e impress\u00f5es Fine Art.<\/p>\n<p><strong>Quanto tempo demora at\u00e9 receber os v\u00eddeos finais?<\/strong><\/p>\n<p>6 meses . Gostamos de trabalhar em todos os \u00a0projectos com a calma necess\u00e1ria para obter um resultado final de qualidade .<\/p>\n<p><strong>Podem fazer imagens a\u00e9reas ?<\/strong><\/p>\n<p>Sim, desde que as condi\u00e7\u00f5es o permitam (condi\u00e7\u00f5es meteorol\u00f3gicas, autoriza\u00e7\u00f5es).<\/p>\n<p>Veja <a href=\"https:\/\/www.vitorgordo.pt\/pt-pt\/wedding-visual-stories\/\">aqui<\/a> o nosso portf\u00f3lio completo com fotografia e v\u00eddeo.<\/p>\n","protected":false},"excerpt":{"rendered":"<p>Procura um fot\u00f3grafo ou um vide\u00f3grafo de casamento ? Veja aqui a resposta \u00e0s perguntas mais frequentes. Qual a melhor forma de vos contactar ? Email : vitor.gordo@syncview.pt Telem\u00f3vel: 93 640 71 80 Atelier Marvila : Rua Pereira Henriques N\u00ba 1 , Lisboa ( com marca\u00e7\u00e3o ) Qual o vosso estilo fotogr\u00e1fico? Definimos o nosso &#8230;<\/p>\n","protected":false},"author":1,"featured_media":0,"parent":0,"menu_order":0,"comment_status":"open","ping_status":"open","template":"","meta":[],"yoast_head":"<!-- This site is optimized with the Yoast SEO Premium plugin v15.7 - https:\/\/yoast.com\/wordpress\/plugins\/seo\/ -->\n<title>FAQ\u00b4S &ndash; fot\u00f3grafo e vide\u00f3grafo de casamento - Vitor Gordo<\/title>\n<meta name=\"description\" content=\"Procura um foto\u00f3grafo ou um vide\u00f3grafo de casamento e est\u00e1 cheio de d\u00favidas? Veja aqui a resposta \u00e0s perguntas mais frequentes.\" \/>\n<meta name=\"robots\" content=\"index, follow, max-snippet:-1, max-image-preview:large, max-video-preview:-1\" \/>\n<link rel=\"canonical\" href=\"https:\/\/www.vitorgordo.pt\/pt-pt\/videografo-fotografo-casamento\/\" \/>\n<meta property=\"og:locale\" content=\"pt_PT\" \/>\n<meta property=\"og:type\" content=\"article\" \/>\n<meta property=\"og:title\" content=\"FAQ\u00b4S &ndash; fot\u00f3grafo e vide\u00f3grafo de casamento - Vitor Gordo\" \/>\n<meta property=\"og:description\" content=\"Procura um foto\u00f3grafo ou um vide\u00f3grafo de casamento e est\u00e1 cheio de d\u00favidas? Veja aqui a resposta \u00e0s perguntas mais frequentes.\" \/>\n<meta property=\"og:url\" content=\"https:\/\/www.vitorgordo.pt\/pt-pt\/videografo-fotografo-casamento\/\" \/>\n<meta property=\"og:site_name\" content=\"Vitor Gordo | Fot\u00f3grafo de Casamento Portugal\" \/>\n<meta property=\"article:publisher\" content=\"https:\/\/www.facebook.com\/vitorgordophoto\" \/>\n<meta property=\"article:modified_time\" content=\"2021-10-23T07:47:10+00:00\" \/>\n<meta name=\"twitter:card\" content=\"summary\" \/>\n<meta name=\"twitter:label1\" content=\"Tempo estimado de leitura\">\n\t<meta name=\"twitter:data1\" content=\"2 minutos\">\n<script type=\"application\/ld+json\" class=\"yoast-schema-graph\">{\"@context\":\"https:\/\/schema.org\",\"@graph\":[{\"@type\":\"Organization\",\"@id\":\"https:\/\/www.vitorgordo.pt\/pt-pt\/#organization\",\"name\":\"Vitor Gordo Photography\",\"url\":\"https:\/\/www.vitorgordo.pt\/pt-pt\/\",\"sameAs\":[\"https:\/\/www.facebook.com\/vitorgordophoto\",\"https:\/\/instagram.com\/vitorgordo_photography\"],\"logo\":{\"@type\":\"ImageObject\",\"@id\":\"https:\/\/www.vitorgordo.pt\/pt-pt\/#logo\",\"inLanguage\":\"pt-PT\",\"url\":\"https:\/\/www.vitorgordo.pt\/wp-content\/uploads\/2015\/08\/SVfinal.jpg\",\"width\":1438,\"height\":1418,\"caption\":\"Vitor Gordo Photography\"},\"image\":{\"@id\":\"https:\/\/www.vitorgordo.pt\/pt-pt\/#logo\"}},{\"@type\":\"WebSite\",\"@id\":\"https:\/\/www.vitorgordo.pt\/pt-pt\/#website\",\"url\":\"https:\/\/www.vitorgordo.pt\/pt-pt\/\",\"name\":\"Vitor Gordo | Portugal Wedding Photographer\",\"description\":\"Fot\\u00f3grafo e Videografo de Casamento . A nossa vis\\u00e3o emocional. A vossa Hist\\u00f3ria.\",\"publisher\":{\"@id\":\"https:\/\/www.vitorgordo.pt\/pt-pt\/#organization\"},\"potentialAction\":[{\"@type\":\"SearchAction\",\"target\":\"https:\/\/www.vitorgordo.pt\/pt-pt\/?s={search_term_string}\",\"query-input\":\"required name=search_term_string\"}],\"inLanguage\":\"pt-PT\"},{\"@type\":\"WebPage\",\"@id\":\"https:\/\/www.vitorgordo.pt\/pt-pt\/videografo-fotografo-casamento\/#webpage\",\"url\":\"https:\/\/www.vitorgordo.pt\/pt-pt\/videografo-fotografo-casamento\/\",\"name\":\"FAQ\\u00b4S &ndash; fot\\u00f3grafo e vide\\u00f3grafo de casamento - Vitor Gordo\",\"isPartOf\":{\"@id\":\"https:\/\/www.vitorgordo.pt\/pt-pt\/#website\"},\"datePublished\":\"2015-07-03T11:28:14+00:00\",\"dateModified\":\"2021-10-23T07:47:10+00:00\",\"description\":\"Procura um foto\\u00f3grafo ou um vide\\u00f3grafo de casamento e est\\u00e1 cheio de d\\u00favidas? Veja aqui a resposta \\u00e0s perguntas mais frequentes.\",\"inLanguage\":\"pt-PT\",\"potentialAction\":[{\"@type\":\"ReadAction\",\"target\":[\"https:\/\/www.vitorgordo.pt\/pt-pt\/videografo-fotografo-casamento\/\"]}]}]}<\/script>\n<!-- \/ Yoast SEO Premium plugin. -->","_links":{"self":[{"href":"https:\/\/www.vitorgordo.pt\/pt-pt\/wp-json\/wp\/v2\/pages\/1950\/"}],"collection":[{"href":"https:\/\/www.vitorgordo.pt\/pt-pt\/wp-json\/wp\/v2\/pages\/"}],"about":[{"href":"https:\/\/www.vitorgordo.pt\/pt-pt\/wp-json\/wp\/v2\/types\/page\/"}],"author":[{"embeddable":true,"href":"https:\/\/www.vitorgordo.pt\/pt-pt\/wp-json\/wp\/v2\/users\/1\/"}],"replies":[{"embeddable":true,"href":"https:\/\/www.vitorgordo.pt\/pt-pt\/wp-json\/wp\/v2\/comments\/?post=1950"}],"version-history":[{"count":17,"href":"https:\/\/www.vitorgordo.pt\/pt-pt\/wp-json\/wp\/v2\/pages\/1950\/revisions\/"}],"predecessor-version":[{"id":9275,"href":"https:\/\/www.vitorgordo.pt\/pt-pt\/wp-json\/wp\/v2\/pages\/1950\/revisions\/9275\/"}],"wp:attachment":[{"href":"https:\/\/www.vitorgordo.pt\/pt-pt\/wp-json\/wp\/v2\/media\/?parent=1950"}],"curies":[{"name":"wp","href":"https:\/\/api.w.org\/{rel}","templated":true}]}}